{"id":644,"date":"2024-06-17T11:23:46","date_gmt":"2024-06-17T14:23:46","guid":{"rendered":"https:\/\/pegala.tv.br\/?page_id=644"},"modified":"2025-07-16T18:46:52","modified_gmt":"2025-07-16T21:46:52","slug":"download-app","status":"publish","type":"page","link":"https:\/\/pegala.tv.br\/index.php\/download-app\/","title":{"rendered":"Download App"},"content":{"rendered":"<\/p>\n\n\n<div class=\"wp-block-media-text is-stacked-on-mobile\" style=\"grid-template-columns:59% auto\"><figure class=\"wp-block-media-text__media\"><img fetchpriority=\"high\" decoding=\"async\" width=\"900\" height=\"643\" src=\"https:\/\/pegala.tv.br\/wp-content\/uploads\/2023\/09\/beach-volleyball-leah-guo.jpg\" alt=\"\" class=\"wp-image-305 size-full\" srcset=\"https:\/\/pegala.tv.br\/wp-content\/uploads\/2023\/09\/beach-volleyball-leah-guo.jpg 900w, https:\/\/pegala.tv.br\/wp-content\/uploads\/2023\/09\/beach-volleyball-leah-guo-300x214.jpg 300w, https:\/\/pegala.tv.br\/wp-content\/uploads\/2023\/09\/beach-volleyball-leah-guo-768x549.jpg 768w, https:\/\/pegala.tv.br\/wp-content\/uploads\/2023\/09\/beach-volleyball-leah-guo-200x143.jpg 200w\" sizes=\"(max-width: 900px) 100vw, 900px\" \/><\/figure><div class=\"wp-block-media-text__content\">\n<h2 class=\"wp-block-heading\"><strong>Baixe o App Pega-l\u00e1 na Google Play Store! <\/strong><\/h2>\n\n\n\n<p>Estamos muito animados em anunciar que o app Pega-l\u00e1 est\u00e1 dispon\u00edvel para download na Google Play Store! \ud83d\udcf2<\/p>\n\n\n\n<p>Com o nosso aplicativo, ficou ainda mais f\u00e1cil e pr\u00e1tico visualizar os v\u00eddeos dos jogos que voc\u00ea salvou. N\u00e3o perca mais tempo procurando seus momentos favoritos. Tenha tudo organizado e acess\u00edvel na palma da sua m\u00e3o.<\/p>\n\n\n\n<p>\u2728 <strong>Benef\u00edcios do app Pega-l\u00e1:<\/strong><\/p>\n\n\n\n<ul class=\"wp-block-list\">\n<li><strong>Acesso r\u00e1pido<\/strong> aos v\u00eddeos dos seus jogos salvos.<\/li>\n\n\n\n<li><strong>Interface amig\u00e1vel<\/strong> e f\u00e1cil de usar.<\/li>\n\n\n\n<li><strong>Notifica\u00e7\u00f5es<\/strong> sobre novos v\u00eddeos e atualiza\u00e7\u00f5es.<\/li>\n<\/ul>\n\n\n\n<p>Baixe agora e leve seus jogos para onde voc\u00ea for!<\/p>\n\n\n\n<p><\/p>\n\n\n\n<figure class=\"wp-block-image size-large is-resized\"><a href=\"https:\/\/play.google.com\/store\/apps\/details?id=com.embarcadero.pega_la\"><img decoding=\"async\" width=\"1024\" height=\"303\" src=\"https:\/\/pegala.tv.br\/wp-content\/uploads\/2024\/06\/disponivel-google-play-badge-1-1024x303.png\" alt=\"\" class=\"wp-image-673\" style=\"width:169px;height:auto\" srcset=\"https:\/\/pegala.tv.br\/wp-content\/uploads\/2024\/06\/disponivel-google-play-badge-1-1024x303.png 1024w, https:\/\/pegala.tv.br\/wp-content\/uploads\/2024\/06\/disponivel-google-play-badge-1-300x89.png 300w, https:\/\/pegala.tv.br\/wp-content\/uploads\/2024\/06\/disponivel-google-play-badge-1-768x227.png 768w, https:\/\/pegala.tv.br\/wp-content\/uploads\/2024\/06\/disponivel-google-play-badge-1-1536x455.png 1536w, https:\/\/pegala.tv.br\/wp-content\/uploads\/2024\/06\/disponivel-google-play-badge-1-2048x607.png 2048w, https:\/\/pegala.tv.br\/wp-content\/uploads\/2024\/06\/disponivel-google-play-badge-1-200x59.png 200w\" sizes=\"(max-width: 1024px) 100vw, 1024px\" \/><\/a><\/figure>\n\n\n\n<div class=\"wp-block-buttons is-content-justification-center is-layout-flex wp-container-core-buttons-is-layout-a89b3969 wp-block-buttons-is-layout-flex\"><\/div>\n<\/div><\/div>\n","protected":false},"excerpt":{"rendered":"","protected":false},"author":5,"featured_media":0,"parent":0,"menu_order":0,"comment_status":"closed","ping_status":"closed","template":"","meta":{"footnotes":""},"class_list":["post-644","page","type-page","status-publish","hentry"],"yoast_head":"<!-- This site is optimized with the Yoast SEO plugin v25.5 - https:\/\/yoast.com\/wordpress\/plugins\/seo\/ -->\n<title>Download App - Pega l\u00e1<\/title>\n<meta name=\"description\" content=\"Sistema de replay esportivo. As melhores c\u00e2meras para grava\u00e7\u00e3o em quadras esportiva. Grave seus lances e assista depois.\" \/>\n<meta name=\"robots\" content=\"index, follow, max-snippet:-1, max-image-preview:large, max-video-preview:-1\" \/>\n<link rel=\"canonical\" href=\"https:\/\/pegala.tv.br\/index.php\/download-app\/\" \/>\n<meta property=\"og:locale\" content=\"pt_BR\" \/>\n<meta property=\"og:type\" content=\"article\" \/>\n<meta property=\"og:title\" content=\"Download App - Pega l\u00e1\" \/>\n<meta property=\"og:description\" content=\"Sistema de replay esportivo. As melhores c\u00e2meras para grava\u00e7\u00e3o em quadras esportiva. Grave seus lances e assista depois.\" \/>\n<meta property=\"og:url\" content=\"https:\/\/pegala.tv.br\/index.php\/download-app\/\" \/>\n<meta property=\"og:site_name\" content=\"Pega l\u00e1\" \/>\n<meta property=\"article:modified_time\" content=\"2025-07-16T21:46:52+00:00\" \/>\n<meta property=\"og:image\" content=\"https:\/\/pegala.tv.br\/wp-content\/uploads\/2023\/09\/beach-volleyball-leah-guo.jpg\" \/>\n<meta name=\"twitter:card\" content=\"summary_large_image\" \/>\n<meta name=\"twitter:label1\" content=\"Est. tempo de leitura\" \/>\n\t<meta name=\"twitter:data1\" content=\"1 minuto\" \/>\n<script type=\"application\/ld+json\" class=\"yoast-schema-graph\">{\"@context\":\"https:\/\/schema.org\",\"@graph\":[{\"@type\":\"WebPage\",\"@id\":\"https:\/\/pegala.tv.br\/index.php\/download-app\/\",\"url\":\"https:\/\/pegala.tv.br\/index.php\/download-app\/\",\"name\":\"Download App - Pega l\u00e1\",\"isPartOf\":{\"@id\":\"https:\/\/pegala.tv.br\/#website\"},\"primaryImageOfPage\":{\"@id\":\"https:\/\/pegala.tv.br\/index.php\/download-app\/#primaryimage\"},\"image\":{\"@id\":\"https:\/\/pegala.tv.br\/index.php\/download-app\/#primaryimage\"},\"thumbnailUrl\":\"https:\/\/pegala.tv.br\/wp-content\/uploads\/2023\/09\/beach-volleyball-leah-guo.jpg\",\"datePublished\":\"2024-06-17T14:23:46+00:00\",\"dateModified\":\"2025-07-16T21:46:52+00:00\",\"description\":\"Sistema de replay esportivo. As melhores c\u00e2meras para grava\u00e7\u00e3o em quadras esportiva. Grave seus lances e assista depois.\",\"breadcrumb\":{\"@id\":\"https:\/\/pegala.tv.br\/index.php\/download-app\/#breadcrumb\"},\"inLanguage\":\"pt-BR\",\"potentialAction\":[{\"@type\":\"ReadAction\",\"target\":[\"https:\/\/pegala.tv.br\/index.php\/download-app\/\"]}]},{\"@type\":\"ImageObject\",\"inLanguage\":\"pt-BR\",\"@id\":\"https:\/\/pegala.tv.br\/index.php\/download-app\/#primaryimage\",\"url\":\"https:\/\/pegala.tv.br\/wp-content\/uploads\/2023\/09\/beach-volleyball-leah-guo.jpg\",\"contentUrl\":\"https:\/\/pegala.tv.br\/wp-content\/uploads\/2023\/09\/beach-volleyball-leah-guo.jpg\",\"width\":900,\"height\":643},{\"@type\":\"BreadcrumbList\",\"@id\":\"https:\/\/pegala.tv.br\/index.php\/download-app\/#breadcrumb\",\"itemListElement\":[{\"@type\":\"ListItem\",\"position\":1,\"name\":\"In\u00edcio\",\"item\":\"https:\/\/pegala.tv.br\/\"},{\"@type\":\"ListItem\",\"position\":2,\"name\":\"Download App\"}]},{\"@type\":\"WebSite\",\"@id\":\"https:\/\/pegala.tv.br\/#website\",\"url\":\"https:\/\/pegala.tv.br\/\",\"name\":\"Pega l\u00e1\",\"description\":\"O Pega l\u00e1 \u00e9 um sistema de replay que revoluciona a experi\u00eancia esportiva, permitindo que voc\u00ea capture suas jogadas e momentos com extrema facilidade. Ap\u00f3s o lance, aperte o bot\u00e3o e o Pega l\u00e1 grava salva seu replay e publica para que voc\u00ea possa assistir e compartilhar mais tarde.\",\"publisher\":{\"@id\":\"https:\/\/pegala.tv.br\/#organization\"},\"potentialAction\":[{\"@type\":\"SearchAction\",\"target\":{\"@type\":\"EntryPoint\",\"urlTemplate\":\"https:\/\/pegala.tv.br\/?s={search_term_string}\"},\"query-input\":{\"@type\":\"PropertyValueSpecification\",\"valueRequired\":true,\"valueName\":\"search_term_string\"}}],\"inLanguage\":\"pt-BR\"},{\"@type\":\"Organization\",\"@id\":\"https:\/\/pegala.tv.br\/#organization\",\"name\":\"Pega l\u00e1\",\"url\":\"https:\/\/pegala.tv.br\/\",\"logo\":{\"@type\":\"ImageObject\",\"inLanguage\":\"pt-BR\",\"@id\":\"https:\/\/pegala.tv.br\/#\/schema\/logo\/image\/\",\"url\":\"https:\/\/pegala.tv.br\/wp-content\/uploads\/2023\/09\/Logotipo-com-branco.png\",\"contentUrl\":\"https:\/\/pegala.tv.br\/wp-content\/uploads\/2023\/09\/Logotipo-com-branco.png\",\"width\":5165,\"height\":1472,\"caption\":\"Pega l\u00e1\"},\"image\":{\"@id\":\"https:\/\/pegala.tv.br\/#\/schema\/logo\/image\/\"}}]}<\/script>\n<!-- \/ Yoast SEO plugin. -->","yoast_head_json":{"title":"Download App - Pega l\u00e1","description":"Sistema de replay esportivo. As melhores c\u00e2meras para grava\u00e7\u00e3o em quadras esportiva. Grave seus lances e assista depois.","robots":{"index":"index","follow":"follow","max-snippet":"max-snippet:-1","max-image-preview":"max-image-preview:large","max-video-preview":"max-video-preview:-1"},"canonical":"https:\/\/pegala.tv.br\/index.php\/download-app\/","og_locale":"pt_BR","og_type":"article","og_title":"Download App - Pega l\u00e1","og_description":"Sistema de replay esportivo. As melhores c\u00e2meras para grava\u00e7\u00e3o em quadras esportiva. Grave seus lances e assista depois.","og_url":"https:\/\/pegala.tv.br\/index.php\/download-app\/","og_site_name":"Pega l\u00e1","article_modified_time":"2025-07-16T21:46:52+00:00","og_image":[{"url":"https:\/\/pegala.tv.br\/wp-content\/uploads\/2023\/09\/beach-volleyball-leah-guo.jpg","type":"","width":"","height":""}],"twitter_card":"summary_large_image","twitter_misc":{"Est. tempo de leitura":"1 minuto"},"schema":{"@context":"https:\/\/schema.org","@graph":[{"@type":"WebPage","@id":"https:\/\/pegala.tv.br\/index.php\/download-app\/","url":"https:\/\/pegala.tv.br\/index.php\/download-app\/","name":"Download App - Pega l\u00e1","isPartOf":{"@id":"https:\/\/pegala.tv.br\/#website"},"primaryImageOfPage":{"@id":"https:\/\/pegala.tv.br\/index.php\/download-app\/#primaryimage"},"image":{"@id":"https:\/\/pegala.tv.br\/index.php\/download-app\/#primaryimage"},"thumbnailUrl":"https:\/\/pegala.tv.br\/wp-content\/uploads\/2023\/09\/beach-volleyball-leah-guo.jpg","datePublished":"2024-06-17T14:23:46+00:00","dateModified":"2025-07-16T21:46:52+00:00","description":"Sistema de replay esportivo. As melhores c\u00e2meras para grava\u00e7\u00e3o em quadras esportiva. Grave seus lances e assista depois.","breadcrumb":{"@id":"https:\/\/pegala.tv.br\/index.php\/download-app\/#breadcrumb"},"inLanguage":"pt-BR","potentialAction":[{"@type":"ReadAction","target":["https:\/\/pegala.tv.br\/index.php\/download-app\/"]}]},{"@type":"ImageObject","inLanguage":"pt-BR","@id":"https:\/\/pegala.tv.br\/index.php\/download-app\/#primaryimage","url":"https:\/\/pegala.tv.br\/wp-content\/uploads\/2023\/09\/beach-volleyball-leah-guo.jpg","contentUrl":"https:\/\/pegala.tv.br\/wp-content\/uploads\/2023\/09\/beach-volleyball-leah-guo.jpg","width":900,"height":643},{"@type":"BreadcrumbList","@id":"https:\/\/pegala.tv.br\/index.php\/download-app\/#breadcrumb","itemListElement":[{"@type":"ListItem","position":1,"name":"In\u00edcio","item":"https:\/\/pegala.tv.br\/"},{"@type":"ListItem","position":2,"name":"Download App"}]},{"@type":"WebSite","@id":"https:\/\/pegala.tv.br\/#website","url":"https:\/\/pegala.tv.br\/","name":"Pega l\u00e1","description":"O Pega l\u00e1 \u00e9 um sistema de replay que revoluciona a experi\u00eancia esportiva, permitindo que voc\u00ea capture suas jogadas e momentos com extrema facilidade. Ap\u00f3s o lance, aperte o bot\u00e3o e o Pega l\u00e1 grava salva seu replay e publica para que voc\u00ea possa assistir e compartilhar mais tarde.","publisher":{"@id":"https:\/\/pegala.tv.br\/#organization"},"potentialAction":[{"@type":"SearchAction","target":{"@type":"EntryPoint","urlTemplate":"https:\/\/pegala.tv.br\/?s={search_term_string}"},"query-input":{"@type":"PropertyValueSpecification","valueRequired":true,"valueName":"search_term_string"}}],"inLanguage":"pt-BR"},{"@type":"Organization","@id":"https:\/\/pegala.tv.br\/#organization","name":"Pega l\u00e1","url":"https:\/\/pegala.tv.br\/","logo":{"@type":"ImageObject","inLanguage":"pt-BR","@id":"https:\/\/pegala.tv.br\/#\/schema\/logo\/image\/","url":"https:\/\/pegala.tv.br\/wp-content\/uploads\/2023\/09\/Logotipo-com-branco.png","contentUrl":"https:\/\/pegala.tv.br\/wp-content\/uploads\/2023\/09\/Logotipo-com-branco.png","width":5165,"height":1472,"caption":"Pega l\u00e1"},"image":{"@id":"https:\/\/pegala.tv.br\/#\/schema\/logo\/image\/"}}]}},"_links":{"self":[{"href":"https:\/\/pegala.tv.br\/index.php\/wp-json\/wp\/v2\/pages\/644","targetHints":{"allow":["GET"]}}],"collection":[{"href":"https:\/\/pegala.tv.br\/index.php\/wp-json\/wp\/v2\/pages"}],"about":[{"href":"https:\/\/pegala.tv.br\/index.php\/wp-json\/wp\/v2\/types\/page"}],"author":[{"embeddable":true,"href":"https:\/\/pegala.tv.br\/index.php\/wp-json\/wp\/v2\/users\/5"}],"replies":[{"embeddable":true,"href":"https:\/\/pegala.tv.br\/index.php\/wp-json\/wp\/v2\/comments?post=644"}],"version-history":[{"count":15,"href":"https:\/\/pegala.tv.br\/index.php\/wp-json\/wp\/v2\/pages\/644\/revisions"}],"predecessor-version":[{"id":678,"href":"https:\/\/pegala.tv.br\/index.php\/wp-json\/wp\/v2\/pages\/644\/revisions\/678"}],"wp:attachment":[{"href":"https:\/\/pegala.tv.br\/index.php\/wp-json\/wp\/v2\/media?parent=644"}],"curies":[{"name":"wp","href":"https:\/\/api.w.org\/{rel}","templated":true}]}}