{"id":30,"date":"2023-09-14T18:30:22","date_gmt":"2023-09-14T21:30:22","guid":{"rendered":"https:\/\/pegala.tv.br\/?page_id=30"},"modified":"2025-07-16T18:45:33","modified_gmt":"2025-07-16T21:45:33","slug":"cadastro","status":"publish","type":"page","link":"https:\/\/pegala.tv.br\/index.php\/cadastro\/","title":{"rendered":"Cadastro"},"content":{"rendered":"\n<div class=\"wp-block-media-text is-stacked-on-mobile\" style=\"grid-template-columns:36% auto\"><figure class=\"wp-block-media-text__media\"><img fetchpriority=\"high\" decoding=\"async\" width=\"800\" height=\"600\" src=\"https:\/\/pegala.tv.br\/wp-content\/uploads\/2023\/10\/dribbble_1.gif\" alt=\"\" class=\"wp-image-469 size-full\"\/><\/figure><div class=\"wp-block-media-text__content\">\n<p><strong>N\u00e3o perca a oportunidade de revolucionar sua experi\u00eancia esportiva. Entre em contato conosco agora e descubra como o Pega l\u00e1 pode transformar sua paix\u00e3o em momentos inesquec\u00edveis!&#8221;<\/strong><\/p>\n\n\n\n<p><\/p>\n\n\n<div class=\"forminator-ui forminator-custom-form forminator-custom-form-175 forminator-design--flat  forminator_ajax\" data-forminator-render=\"0\" data-form=\"forminator-module-175\" data-uid=\"69dfd077b4eb4\"><br\/><\/div><form\n\t\t\t\tid=\"forminator-module-175\"\n\t\t\t\tclass=\"forminator-ui forminator-custom-form forminator-custom-form-175 forminator-design--flat  forminator_ajax\"\n\t\t\t\tmethod=\"post\"\n\t\t\t\tdata-forminator-render=\"0\"\n\t\t\t\tdata-form-id=\"175\"\n\t\t\t\t\n\t\t\t\tdata-design=\"flat\"\n\t\t\t\t\n\t\t\t\t\n\t\t\t\t\n\t\t\t\tdata-grid=\"open\"\n\t\t\t\t\n\t\t\t\t\n\t\t\t\tstyle=\"display: none;\"\n\t\t\t\t\n\t\t\t\tdata-uid=\"69dfd077b4eb4\"\n\t\t\t><div role=\"alert\" aria-live=\"polite\" class=\"forminator-response-message forminator-error\" aria-hidden=\"true\"><\/div><div class=\"forminator-row\"><div id=\"text-1\" class=\"forminator-field-text forminator-col forminator-col-12 \"><div class=\"forminator-field\"><label for=\"forminator-field-text-1_69dfd077b4eb4\" id=\"forminator-field-text-1_69dfd077b4eb4-label\" class=\"forminator-label\">Nome do Usu\u00e1rio <span class=\"forminator-required\">*<\/span><\/label><input type=\"text\" name=\"text-1\" value=\"\" placeholder=\"Nome do Usu\u00e1rio\" id=\"forminator-field-text-1_69dfd077b4eb4\" class=\"forminator-input forminator-name--field\" data-required=\"1\" \/><\/div><\/div><\/div><div class=\"forminator-row\"><div id=\"email-1\" class=\"forminator-field-email forminator-col forminator-col-12 \"><div class=\"forminator-field\"><label for=\"forminator-field-email-1_69dfd077b4eb4\" id=\"forminator-field-email-1_69dfd077b4eb4-label\" class=\"forminator-label\">E-mail <span class=\"forminator-required\">*<\/span><\/label><input type=\"email\" name=\"email-1\" value=\"\" placeholder=\"E-mail\" id=\"forminator-field-email-1_69dfd077b4eb4\" class=\"forminator-input forminator-email--field\" data-required=\"true\" aria-required=\"true\" \/><\/div><\/div><\/div><div class=\"forminator-row\"><div id=\"password-1\" class=\"forminator-field-password forminator-col forminator-col-12 \"><div class=\"forminator-field\"><label for=\"forminator-field-password-1_69dfd077b4eb4\" id=\"forminator-field-password-1_69dfd077b4eb4-label\" class=\"forminator-label\">Senha <span class=\"forminator-required\">*<\/span><\/label><input name=\"password-1\" value=\"\" placeholder=\"Insira sua senha\" id=\"forminator-field-password-1_69dfd077b4eb4\" class=\"forminator-input forminator-name--field\" data-required=\"true\" type=\"password\" \/><\/div><\/div><\/div><div class=\"forminator-row\"><div class=\"forminator-col forminator-col-12\"><div class=\"forminator-field\"><label for=\"forminator-field-confirm_password-1_69dfd077b4eb4\" id=\"forminator-field-confirm_password-1_69dfd077b4eb4-label\" class=\"forminator-label\">Confirme a Senha <span class=\"forminator-required\">*<\/span><\/label><input name=\"confirm_password-1\" value=\"\" placeholder=\"Confirme a nova senha\" id=\"forminator-field-confirm_password-1_69dfd077b4eb4\" class=\"forminator-input forminator-name--field\" data-required=\"true\" type=\"password\" \/><\/div><\/div><\/div><input type=\"hidden\" name=\"referer_url\" value=\"\" \/><div class=\"forminator-row forminator-row-last\"><div class=\"forminator-col\"><div class=\"forminator-field\"><button class=\"forminator-button forminator-button-submit\">Registre-se<\/button><\/div><\/div><\/div><input type=\"hidden\" id=\"forminator_nonce\" name=\"forminator_nonce\" value=\"1a95fb4182\" \/><input type=\"hidden\" name=\"_wp_http_referer\" value=\"\/index.php\/wp-json\/wp\/v2\/pages\/30\" \/><input type=\"hidden\" name=\"form_id\" value=\"175\"><input type=\"hidden\" name=\"page_id\" value=\"30\"><input type=\"hidden\" name=\"form_type\" value=\"registration\"><input type=\"hidden\" name=\"current_url\" value=\"https:\/\/pegala.tv.br\/index.php\/cadastro\/\"><input type=\"hidden\" name=\"render_id\" value=\"0\"><input type=\"hidden\" name=\"action\" value=\"forminator_submit_form_custom-forms\"><\/form>\n<\/div><\/div>\n\n\n\n<div class=\"section-wrapper\" data-id=\"9qh97h\"><section class=\"wp-block-gutenverse-section guten-element guten-section guten-9qh97h layout-boxed align-stretch\"><div class=\"guten-background-overlay\"><\/div><div class=\"guten-shape-divider guten-shape-divider-top\"><\/div><div class=\"guten-shape-divider guten-shape-divider-bottom\"><\/div><div class=\"guten-container guten-column-gap-default\">\n<div class=\"wp-block-gutenverse-column guten-element guten-column guten-vDIJAT\"><div class=\"guten-background-overlay\"><\/div><div class=\"sticky-wrapper\" data-id=\"vDIJAT\"><div class=\"guten-column-wrapper\"><\/div><\/div><\/div>\n\n\n\n<div class=\"wp-block-gutenverse-column guten-element guten-column guten-eKLNT2\"><div class=\"guten-background-overlay\"><\/div><div class=\"sticky-wrapper\" data-id=\"eKLNT2\"><div class=\"guten-column-wrapper\"><\/div><\/div><\/div>\n\n\n\n<div class=\"wp-block-gutenverse-column guten-element guten-column guten-Vswguc\"><div class=\"guten-background-overlay\"><\/div><div class=\"sticky-wrapper\" data-id=\"Vswguc\"><div class=\"guten-column-wrapper\"><\/div><\/div><\/div>\n<\/div><\/section><\/div>\n","protected":false},"excerpt":{"rendered":"","protected":false},"author":1,"featured_media":0,"parent":0,"menu_order":0,"comment_status":"closed","ping_status":"closed","template":"","meta":{"footnotes":""},"class_list":["post-30","page","type-page","status-publish","hentry"],"yoast_head":"<!-- This site is optimized with the Yoast SEO plugin v25.5 - https:\/\/yoast.com\/wordpress\/plugins\/seo\/ -->\n<title>Cadastro - Pega l\u00e1<\/title>\n<meta name=\"description\" content=\"Sistema de replay esportivo. As melhores c\u00e2meras para grava\u00e7\u00e3o em quadras esportiva. Grave seus lances e assista depois.\" \/>\n<meta name=\"robots\" content=\"index, follow, max-snippet:-1, max-image-preview:large, max-video-preview:-1\" \/>\n<link rel=\"canonical\" href=\"https:\/\/pegala.tv.br\/index.php\/cadastro\/\" \/>\n<meta property=\"og:locale\" content=\"pt_BR\" \/>\n<meta property=\"og:type\" content=\"article\" \/>\n<meta property=\"og:title\" content=\"Cadastro - Pega l\u00e1\" \/>\n<meta property=\"og:description\" content=\"Sistema de replay esportivo. As melhores c\u00e2meras para grava\u00e7\u00e3o em quadras esportiva. Grave seus lances e assista depois.\" \/>\n<meta property=\"og:url\" content=\"https:\/\/pegala.tv.br\/index.php\/cadastro\/\" \/>\n<meta property=\"og:site_name\" content=\"Pega l\u00e1\" \/>\n<meta property=\"article:modified_time\" content=\"2025-07-16T21:45:33+00:00\" \/>\n<meta property=\"og:image\" content=\"https:\/\/pegala.tv.br\/wp-content\/uploads\/2023\/10\/dribbble_1.gif\" \/>\n<meta name=\"twitter:card\" content=\"summary_large_image\" \/>\n<meta name=\"twitter:label1\" content=\"Est. tempo de leitura\" \/>\n\t<meta name=\"twitter:data1\" content=\"1 minuto\" \/>\n<script type=\"application\/ld+json\" class=\"yoast-schema-graph\">{\"@context\":\"https:\/\/schema.org\",\"@graph\":[{\"@type\":\"WebPage\",\"@id\":\"https:\/\/pegala.tv.br\/index.php\/cadastro\/\",\"url\":\"https:\/\/pegala.tv.br\/index.php\/cadastro\/\",\"name\":\"Cadastro - Pega l\u00e1\",\"isPartOf\":{\"@id\":\"https:\/\/pegala.tv.br\/#website\"},\"primaryImageOfPage\":{\"@id\":\"https:\/\/pegala.tv.br\/index.php\/cadastro\/#primaryimage\"},\"image\":{\"@id\":\"https:\/\/pegala.tv.br\/index.php\/cadastro\/#primaryimage\"},\"thumbnailUrl\":\"https:\/\/pegala.tv.br\/wp-content\/uploads\/2023\/10\/dribbble_1.gif\",\"datePublished\":\"2023-09-14T21:30:22+00:00\",\"dateModified\":\"2025-07-16T21:45:33+00:00\",\"description\":\"Sistema de replay esportivo. As melhores c\u00e2meras para grava\u00e7\u00e3o em quadras esportiva. Grave seus lances e assista depois.\",\"breadcrumb\":{\"@id\":\"https:\/\/pegala.tv.br\/index.php\/cadastro\/#breadcrumb\"},\"inLanguage\":\"pt-BR\",\"potentialAction\":[{\"@type\":\"ReadAction\",\"target\":[\"https:\/\/pegala.tv.br\/index.php\/cadastro\/\"]}]},{\"@type\":\"ImageObject\",\"inLanguage\":\"pt-BR\",\"@id\":\"https:\/\/pegala.tv.br\/index.php\/cadastro\/#primaryimage\",\"url\":\"https:\/\/pegala.tv.br\/wp-content\/uploads\/2023\/10\/dribbble_1.gif\",\"contentUrl\":\"https:\/\/pegala.tv.br\/wp-content\/uploads\/2023\/10\/dribbble_1.gif\",\"width\":800,\"height\":600},{\"@type\":\"BreadcrumbList\",\"@id\":\"https:\/\/pegala.tv.br\/index.php\/cadastro\/#breadcrumb\",\"itemListElement\":[{\"@type\":\"ListItem\",\"position\":1,\"name\":\"In\u00edcio\",\"item\":\"https:\/\/pegala.tv.br\/\"},{\"@type\":\"ListItem\",\"position\":2,\"name\":\"Cadastro\"}]},{\"@type\":\"WebSite\",\"@id\":\"https:\/\/pegala.tv.br\/#website\",\"url\":\"https:\/\/pegala.tv.br\/\",\"name\":\"Pega l\u00e1\",\"description\":\"O Pega l\u00e1 \u00e9 um sistema de replay que revoluciona a experi\u00eancia esportiva, permitindo que voc\u00ea capture suas jogadas e momentos com extrema facilidade. Ap\u00f3s o lance, aperte o bot\u00e3o e o Pega l\u00e1 grava salva seu replay e publica para que voc\u00ea possa assistir e compartilhar mais tarde.\",\"publisher\":{\"@id\":\"https:\/\/pegala.tv.br\/#organization\"},\"potentialAction\":[{\"@type\":\"SearchAction\",\"target\":{\"@type\":\"EntryPoint\",\"urlTemplate\":\"https:\/\/pegala.tv.br\/?s={search_term_string}\"},\"query-input\":{\"@type\":\"PropertyValueSpecification\",\"valueRequired\":true,\"valueName\":\"search_term_string\"}}],\"inLanguage\":\"pt-BR\"},{\"@type\":\"Organization\",\"@id\":\"https:\/\/pegala.tv.br\/#organization\",\"name\":\"Pega l\u00e1\",\"url\":\"https:\/\/pegala.tv.br\/\",\"logo\":{\"@type\":\"ImageObject\",\"inLanguage\":\"pt-BR\",\"@id\":\"https:\/\/pegala.tv.br\/#\/schema\/logo\/image\/\",\"url\":\"https:\/\/pegala.tv.br\/wp-content\/uploads\/2023\/09\/Logotipo-com-branco.png\",\"contentUrl\":\"https:\/\/pegala.tv.br\/wp-content\/uploads\/2023\/09\/Logotipo-com-branco.png\",\"width\":5165,\"height\":1472,\"caption\":\"Pega l\u00e1\"},\"image\":{\"@id\":\"https:\/\/pegala.tv.br\/#\/schema\/logo\/image\/\"}}]}<\/script>\n<!-- \/ Yoast SEO plugin. -->","yoast_head_json":{"title":"Cadastro - Pega l\u00e1","description":"Sistema de replay esportivo. As melhores c\u00e2meras para grava\u00e7\u00e3o em quadras esportiva. Grave seus lances e assista depois.","robots":{"index":"index","follow":"follow","max-snippet":"max-snippet:-1","max-image-preview":"max-image-preview:large","max-video-preview":"max-video-preview:-1"},"canonical":"https:\/\/pegala.tv.br\/index.php\/cadastro\/","og_locale":"pt_BR","og_type":"article","og_title":"Cadastro - Pega l\u00e1","og_description":"Sistema de replay esportivo. As melhores c\u00e2meras para grava\u00e7\u00e3o em quadras esportiva. Grave seus lances e assista depois.","og_url":"https:\/\/pegala.tv.br\/index.php\/cadastro\/","og_site_name":"Pega l\u00e1","article_modified_time":"2025-07-16T21:45:33+00:00","og_image":[{"url":"https:\/\/pegala.tv.br\/wp-content\/uploads\/2023\/10\/dribbble_1.gif","type":"","width":"","height":""}],"twitter_card":"summary_large_image","twitter_misc":{"Est. tempo de leitura":"1 minuto"},"schema":{"@context":"https:\/\/schema.org","@graph":[{"@type":"WebPage","@id":"https:\/\/pegala.tv.br\/index.php\/cadastro\/","url":"https:\/\/pegala.tv.br\/index.php\/cadastro\/","name":"Cadastro - Pega l\u00e1","isPartOf":{"@id":"https:\/\/pegala.tv.br\/#website"},"primaryImageOfPage":{"@id":"https:\/\/pegala.tv.br\/index.php\/cadastro\/#primaryimage"},"image":{"@id":"https:\/\/pegala.tv.br\/index.php\/cadastro\/#primaryimage"},"thumbnailUrl":"https:\/\/pegala.tv.br\/wp-content\/uploads\/2023\/10\/dribbble_1.gif","datePublished":"2023-09-14T21:30:22+00:00","dateModified":"2025-07-16T21:45:33+00:00","description":"Sistema de replay esportivo. As melhores c\u00e2meras para grava\u00e7\u00e3o em quadras esportiva. Grave seus lances e assista depois.","breadcrumb":{"@id":"https:\/\/pegala.tv.br\/index.php\/cadastro\/#breadcrumb"},"inLanguage":"pt-BR","potentialAction":[{"@type":"ReadAction","target":["https:\/\/pegala.tv.br\/index.php\/cadastro\/"]}]},{"@type":"ImageObject","inLanguage":"pt-BR","@id":"https:\/\/pegala.tv.br\/index.php\/cadastro\/#primaryimage","url":"https:\/\/pegala.tv.br\/wp-content\/uploads\/2023\/10\/dribbble_1.gif","contentUrl":"https:\/\/pegala.tv.br\/wp-content\/uploads\/2023\/10\/dribbble_1.gif","width":800,"height":600},{"@type":"BreadcrumbList","@id":"https:\/\/pegala.tv.br\/index.php\/cadastro\/#breadcrumb","itemListElement":[{"@type":"ListItem","position":1,"name":"In\u00edcio","item":"https:\/\/pegala.tv.br\/"},{"@type":"ListItem","position":2,"name":"Cadastro"}]},{"@type":"WebSite","@id":"https:\/\/pegala.tv.br\/#website","url":"https:\/\/pegala.tv.br\/","name":"Pega l\u00e1","description":"O Pega l\u00e1 \u00e9 um sistema de replay que revoluciona a experi\u00eancia esportiva, permitindo que voc\u00ea capture suas jogadas e momentos com extrema facilidade. Ap\u00f3s o lance, aperte o bot\u00e3o e o Pega l\u00e1 grava salva seu replay e publica para que voc\u00ea possa assistir e compartilhar mais tarde.","publisher":{"@id":"https:\/\/pegala.tv.br\/#organization"},"potentialAction":[{"@type":"SearchAction","target":{"@type":"EntryPoint","urlTemplate":"https:\/\/pegala.tv.br\/?s={search_term_string}"},"query-input":{"@type":"PropertyValueSpecification","valueRequired":true,"valueName":"search_term_string"}}],"inLanguage":"pt-BR"},{"@type":"Organization","@id":"https:\/\/pegala.tv.br\/#organization","name":"Pega l\u00e1","url":"https:\/\/pegala.tv.br\/","logo":{"@type":"ImageObject","inLanguage":"pt-BR","@id":"https:\/\/pegala.tv.br\/#\/schema\/logo\/image\/","url":"https:\/\/pegala.tv.br\/wp-content\/uploads\/2023\/09\/Logotipo-com-branco.png","contentUrl":"https:\/\/pegala.tv.br\/wp-content\/uploads\/2023\/09\/Logotipo-com-branco.png","width":5165,"height":1472,"caption":"Pega l\u00e1"},"image":{"@id":"https:\/\/pegala.tv.br\/#\/schema\/logo\/image\/"}}]}},"_links":{"self":[{"href":"https:\/\/pegala.tv.br\/index.php\/wp-json\/wp\/v2\/pages\/30","targetHints":{"allow":["GET"]}}],"collection":[{"href":"https:\/\/pegala.tv.br\/index.php\/wp-json\/wp\/v2\/pages"}],"about":[{"href":"https:\/\/pegala.tv.br\/index.php\/wp-json\/wp\/v2\/types\/page"}],"author":[{"embeddable":true,"href":"https:\/\/pegala.tv.br\/index.php\/wp-json\/wp\/v2\/users\/1"}],"replies":[{"embeddable":true,"href":"https:\/\/pegala.tv.br\/index.php\/wp-json\/wp\/v2\/comments?post=30"}],"version-history":[{"count":5,"href":"https:\/\/pegala.tv.br\/index.php\/wp-json\/wp\/v2\/pages\/30\/revisions"}],"predecessor-version":[{"id":730,"href":"https:\/\/pegala.tv.br\/index.php\/wp-json\/wp\/v2\/pages\/30\/revisions\/730"}],"wp:attachment":[{"href":"https:\/\/pegala.tv.br\/index.php\/wp-json\/wp\/v2\/media?parent=30"}],"curies":[{"name":"wp","href":"https:\/\/api.w.org\/{rel}","templated":true}]}}