{"id":140,"date":"2023-09-14T22:23:33","date_gmt":"2023-09-15T01:23:33","guid":{"rendered":"https:\/\/pegala.tv.br\/?page_id=140"},"modified":"2025-07-16T18:48:08","modified_gmt":"2025-07-16T21:48:08","slug":"meus-videos","status":"publish","type":"page","link":"https:\/\/pegala.tv.br\/index.php\/meus-videos\/","title":{"rendered":"Meus V\u00eddeos"},"content":{"rendered":"<div class=\"members-access-error\">\n<h3 style=\"text-align: center\"><img class=\"alignnone wp-image-460 \" src=\"https:\/\/pegala.tv.br\/wp-content\/uploads\/2023\/10\/login.gif\" alt=\"\" width=\"318\" height=\"318\" \/><\/h3>\n<p style=\"text-align: center\">Desculpe, mas voc\u00ea n\u00e3o tem permiss\u00e3o para visualizar este conte\u00fado.<\/p>\n<p style=\"text-align: center\">Clique <strong><a href=\"https:\/\/pegala.tv.br\/index.php\/cadastro\/\">aqui<\/a> <\/strong>para se cadastrar,<br \/>\nou fa\u00e7a login <strong><a href=\"https:\/\/pegala.tv.br\/index.php\/login\/\">aqui<\/a><\/strong><\/p>\n<p>&nbsp;<\/p>\n<p style=\"text-align: center\"><img class=\"alignnone wp-image-489 \" src=\"https:\/\/pegala.tv.br\/wp-content\/uploads\/2023\/10\/Header-19.jpg\" alt=\"\" width=\"1872\" height=\"487\" \/><\/p>\n<\/div>\n","protected":false},"excerpt":{"rendered":"<div class=\"members-access-error\">\n<h3 style=\"text-align: center\"><img class=\"alignnone wp-image-460 \" src=\"https:\/\/pegala.tv.br\/wp-content\/uploads\/2023\/10\/login.gif\" alt=\"\" width=\"318\" height=\"318\" \/><\/h3>\n<p style=\"text-align: center\">Desculpe, mas voc\u00ea n\u00e3o tem permiss\u00e3o para visualizar este conte\u00fado.<\/p>\n<p style=\"text-align: center\">Clique <strong><a href=\"https:\/\/pegala.tv.br\/index.php\/cadastro\/\">aqui<\/a> <\/strong>para se cadastrar,<br \/>\nou fa\u00e7a login <strong><a href=\"https:\/\/pegala.tv.br\/index.php\/login\/\">aqui<\/a><\/strong><\/p>\n<p>&nbsp;<\/p>\n<p style=\"text-align: center\"><img class=\"alignnone wp-image-489 \" src=\"https:\/\/pegala.tv.br\/wp-content\/uploads\/2023\/10\/Header-19.jpg\" alt=\"\" width=\"1872\" height=\"487\" \/><\/p>\n<\/div>\n","protected":false},"author":1,"featured_media":0,"parent":0,"menu_order":0,"comment_status":"closed","ping_status":"closed","template":"","meta":{"footnotes":""},"class_list":["post-140","page","type-page","status-publish","hentry"],"yoast_head":"<!-- This site is optimized with the Yoast SEO plugin v25.5 - https:\/\/yoast.com\/wordpress\/plugins\/seo\/ -->\n<title>Meus V\u00eddeos - Pega l\u00e1<\/title>\n<meta name=\"description\" content=\"Sistema de replay esportivo. As melhores c\u00e2meras para grava\u00e7\u00e3o em quadras esportiva. Grave seus lances e assista depois.\" \/>\n<meta name=\"robots\" content=\"index, follow, max-snippet:-1, max-image-preview:large, max-video-preview:-1\" \/>\n<link rel=\"canonical\" href=\"https:\/\/pegala.tv.br\/index.php\/meus-videos\/\" \/>\n<meta property=\"og:locale\" content=\"pt_BR\" \/>\n<meta property=\"og:type\" content=\"article\" \/>\n<meta property=\"og:title\" content=\"Meus V\u00eddeos - Pega l\u00e1\" \/>\n<meta property=\"og:description\" content=\"Sistema de replay esportivo. As melhores c\u00e2meras para grava\u00e7\u00e3o em quadras esportiva. Grave seus lances e assista depois.\" \/>\n<meta property=\"og:url\" content=\"https:\/\/pegala.tv.br\/index.php\/meus-videos\/\" \/>\n<meta property=\"og:site_name\" content=\"Pega l\u00e1\" \/>\n<meta property=\"article:modified_time\" content=\"2025-07-16T21:48:08+00:00\" \/>\n<meta property=\"og:image\" content=\"https:\/\/pegala.tv.br\/wp-content\/uploads\/2023\/09\/metta-por-que-paula.png\" \/>\n<meta name=\"twitter:card\" content=\"summary_large_image\" \/>\n<meta name=\"twitter:label1\" content=\"Est. tempo de leitura\" \/>\n\t<meta name=\"twitter:data1\" content=\"1 minuto\" \/>\n<script type=\"application\/ld+json\" class=\"yoast-schema-graph\">{\"@context\":\"https:\/\/schema.org\",\"@graph\":[{\"@type\":\"WebPage\",\"@id\":\"https:\/\/pegala.tv.br\/index.php\/meus-videos\/\",\"url\":\"https:\/\/pegala.tv.br\/index.php\/meus-videos\/\",\"name\":\"Meus V\u00eddeos - Pega l\u00e1\",\"isPartOf\":{\"@id\":\"https:\/\/pegala.tv.br\/#website\"},\"primaryImageOfPage\":{\"@id\":\"https:\/\/pegala.tv.br\/index.php\/meus-videos\/#primaryimage\"},\"image\":{\"@id\":\"https:\/\/pegala.tv.br\/index.php\/meus-videos\/#primaryimage\"},\"thumbnailUrl\":\"https:\/\/pegala.tv.br\/wp-content\/uploads\/2023\/09\/metta-por-que-paula.png\",\"datePublished\":\"2023-09-15T01:23:33+00:00\",\"dateModified\":\"2025-07-16T21:48:08+00:00\",\"description\":\"Sistema de replay esportivo. As melhores c\u00e2meras para grava\u00e7\u00e3o em quadras esportiva. Grave seus lances e assista depois.\",\"breadcrumb\":{\"@id\":\"https:\/\/pegala.tv.br\/index.php\/meus-videos\/#breadcrumb\"},\"inLanguage\":\"pt-BR\",\"potentialAction\":[{\"@type\":\"ReadAction\",\"target\":[\"https:\/\/pegala.tv.br\/index.php\/meus-videos\/\"]}]},{\"@type\":\"ImageObject\",\"inLanguage\":\"pt-BR\",\"@id\":\"https:\/\/pegala.tv.br\/index.php\/meus-videos\/#primaryimage\",\"url\":\"https:\/\/pegala.tv.br\/wp-content\/uploads\/2023\/09\/metta-por-que-paula.png\",\"contentUrl\":\"https:\/\/pegala.tv.br\/wp-content\/uploads\/2023\/09\/metta-por-que-paula.png\",\"width\":467,\"height\":423},{\"@type\":\"BreadcrumbList\",\"@id\":\"https:\/\/pegala.tv.br\/index.php\/meus-videos\/#breadcrumb\",\"itemListElement\":[{\"@type\":\"ListItem\",\"position\":1,\"name\":\"In\u00edcio\",\"item\":\"https:\/\/pegala.tv.br\/\"},{\"@type\":\"ListItem\",\"position\":2,\"name\":\"Meus V\u00eddeos\"}]},{\"@type\":\"WebSite\",\"@id\":\"https:\/\/pegala.tv.br\/#website\",\"url\":\"https:\/\/pegala.tv.br\/\",\"name\":\"Pega l\u00e1\",\"description\":\"O Pega l\u00e1 \u00e9 um sistema de replay que revoluciona a experi\u00eancia esportiva, permitindo que voc\u00ea capture suas jogadas e momentos com extrema facilidade. Ap\u00f3s o lance, aperte o bot\u00e3o e o Pega l\u00e1 grava salva seu replay e publica para que voc\u00ea possa assistir e compartilhar mais tarde.\",\"publisher\":{\"@id\":\"https:\/\/pegala.tv.br\/#organization\"},\"potentialAction\":[{\"@type\":\"SearchAction\",\"target\":{\"@type\":\"EntryPoint\",\"urlTemplate\":\"https:\/\/pegala.tv.br\/?s={search_term_string}\"},\"query-input\":{\"@type\":\"PropertyValueSpecification\",\"valueRequired\":true,\"valueName\":\"search_term_string\"}}],\"inLanguage\":\"pt-BR\"},{\"@type\":\"Organization\",\"@id\":\"https:\/\/pegala.tv.br\/#organization\",\"name\":\"Pega l\u00e1\",\"url\":\"https:\/\/pegala.tv.br\/\",\"logo\":{\"@type\":\"ImageObject\",\"inLanguage\":\"pt-BR\",\"@id\":\"https:\/\/pegala.tv.br\/#\/schema\/logo\/image\/\",\"url\":\"https:\/\/pegala.tv.br\/wp-content\/uploads\/2023\/09\/Logotipo-com-branco.png\",\"contentUrl\":\"https:\/\/pegala.tv.br\/wp-content\/uploads\/2023\/09\/Logotipo-com-branco.png\",\"width\":5165,\"height\":1472,\"caption\":\"Pega l\u00e1\"},\"image\":{\"@id\":\"https:\/\/pegala.tv.br\/#\/schema\/logo\/image\/\"}}]}<\/script>\n<!-- \/ Yoast SEO plugin. -->","yoast_head_json":{"title":"Meus V\u00eddeos - Pega l\u00e1","description":"Sistema de replay esportivo. As melhores c\u00e2meras para grava\u00e7\u00e3o em quadras esportiva. Grave seus lances e assista depois.","robots":{"index":"index","follow":"follow","max-snippet":"max-snippet:-1","max-image-preview":"max-image-preview:large","max-video-preview":"max-video-preview:-1"},"canonical":"https:\/\/pegala.tv.br\/index.php\/meus-videos\/","og_locale":"pt_BR","og_type":"article","og_title":"Meus V\u00eddeos - Pega l\u00e1","og_description":"Sistema de replay esportivo. As melhores c\u00e2meras para grava\u00e7\u00e3o em quadras esportiva. Grave seus lances e assista depois.","og_url":"https:\/\/pegala.tv.br\/index.php\/meus-videos\/","og_site_name":"Pega l\u00e1","article_modified_time":"2025-07-16T21:48:08+00:00","og_image":[{"url":"https:\/\/pegala.tv.br\/wp-content\/uploads\/2023\/09\/metta-por-que-paula.png","type":"","width":"","height":""}],"twitter_card":"summary_large_image","twitter_misc":{"Est. tempo de leitura":"1 minuto"},"schema":{"@context":"https:\/\/schema.org","@graph":[{"@type":"WebPage","@id":"https:\/\/pegala.tv.br\/index.php\/meus-videos\/","url":"https:\/\/pegala.tv.br\/index.php\/meus-videos\/","name":"Meus V\u00eddeos - Pega l\u00e1","isPartOf":{"@id":"https:\/\/pegala.tv.br\/#website"},"primaryImageOfPage":{"@id":"https:\/\/pegala.tv.br\/index.php\/meus-videos\/#primaryimage"},"image":{"@id":"https:\/\/pegala.tv.br\/index.php\/meus-videos\/#primaryimage"},"thumbnailUrl":"https:\/\/pegala.tv.br\/wp-content\/uploads\/2023\/09\/metta-por-que-paula.png","datePublished":"2023-09-15T01:23:33+00:00","dateModified":"2025-07-16T21:48:08+00:00","description":"Sistema de replay esportivo. As melhores c\u00e2meras para grava\u00e7\u00e3o em quadras esportiva. Grave seus lances e assista depois.","breadcrumb":{"@id":"https:\/\/pegala.tv.br\/index.php\/meus-videos\/#breadcrumb"},"inLanguage":"pt-BR","potentialAction":[{"@type":"ReadAction","target":["https:\/\/pegala.tv.br\/index.php\/meus-videos\/"]}]},{"@type":"ImageObject","inLanguage":"pt-BR","@id":"https:\/\/pegala.tv.br\/index.php\/meus-videos\/#primaryimage","url":"https:\/\/pegala.tv.br\/wp-content\/uploads\/2023\/09\/metta-por-que-paula.png","contentUrl":"https:\/\/pegala.tv.br\/wp-content\/uploads\/2023\/09\/metta-por-que-paula.png","width":467,"height":423},{"@type":"BreadcrumbList","@id":"https:\/\/pegala.tv.br\/index.php\/meus-videos\/#breadcrumb","itemListElement":[{"@type":"ListItem","position":1,"name":"In\u00edcio","item":"https:\/\/pegala.tv.br\/"},{"@type":"ListItem","position":2,"name":"Meus V\u00eddeos"}]},{"@type":"WebSite","@id":"https:\/\/pegala.tv.br\/#website","url":"https:\/\/pegala.tv.br\/","name":"Pega l\u00e1","description":"O Pega l\u00e1 \u00e9 um sistema de replay que revoluciona a experi\u00eancia esportiva, permitindo que voc\u00ea capture suas jogadas e momentos com extrema facilidade. Ap\u00f3s o lance, aperte o bot\u00e3o e o Pega l\u00e1 grava salva seu replay e publica para que voc\u00ea possa assistir e compartilhar mais tarde.","publisher":{"@id":"https:\/\/pegala.tv.br\/#organization"},"potentialAction":[{"@type":"SearchAction","target":{"@type":"EntryPoint","urlTemplate":"https:\/\/pegala.tv.br\/?s={search_term_string}"},"query-input":{"@type":"PropertyValueSpecification","valueRequired":true,"valueName":"search_term_string"}}],"inLanguage":"pt-BR"},{"@type":"Organization","@id":"https:\/\/pegala.tv.br\/#organization","name":"Pega l\u00e1","url":"https:\/\/pegala.tv.br\/","logo":{"@type":"ImageObject","inLanguage":"pt-BR","@id":"https:\/\/pegala.tv.br\/#\/schema\/logo\/image\/","url":"https:\/\/pegala.tv.br\/wp-content\/uploads\/2023\/09\/Logotipo-com-branco.png","contentUrl":"https:\/\/pegala.tv.br\/wp-content\/uploads\/2023\/09\/Logotipo-com-branco.png","width":5165,"height":1472,"caption":"Pega l\u00e1"},"image":{"@id":"https:\/\/pegala.tv.br\/#\/schema\/logo\/image\/"}}]}},"_links":{"self":[{"href":"https:\/\/pegala.tv.br\/index.php\/wp-json\/wp\/v2\/pages\/140","targetHints":{"allow":["GET"]}}],"collection":[{"href":"https:\/\/pegala.tv.br\/index.php\/wp-json\/wp\/v2\/pages"}],"about":[{"href":"https:\/\/pegala.tv.br\/index.php\/wp-json\/wp\/v2\/types\/page"}],"author":[{"embeddable":true,"href":"https:\/\/pegala.tv.br\/index.php\/wp-json\/wp\/v2\/users\/1"}],"replies":[{"embeddable":true,"href":"https:\/\/pegala.tv.br\/index.php\/wp-json\/wp\/v2\/comments?post=140"}],"version-history":[{"count":54,"href":"https:\/\/pegala.tv.br\/index.php\/wp-json\/wp\/v2\/pages\/140\/revisions"}],"predecessor-version":[{"id":733,"href":"https:\/\/pegala.tv.br\/index.php\/wp-json\/wp\/v2\/pages\/140\/revisions\/733"}],"wp:attachment":[{"href":"https:\/\/pegala.tv.br\/index.php\/wp-json\/wp\/v2\/media?parent=140"}],"curies":[{"name":"wp","href":"https:\/\/api.w.org\/{rel}","templated":true}]}}